{"id":342,"date":"2023-05-23T08:40:28","date_gmt":"2023-05-23T08:40:28","guid":{"rendered":"https:\/\/opora-os.cz\/?page_id=342"},"modified":"2023-08-22T10:57:46","modified_gmt":"2023-08-22T10:57:46","slug":"doprovod","status":"publish","type":"page","link":"https:\/\/opora-os.cz\/index.php\/doprovod\/","title":{"rendered":"Doprovod"},"content":{"rendered":"\t\t<div data-elementor-type=\"wp-page\" data-elementor-id=\"342\" class=\"elementor elementor-342\" data-elementor-post-type=\"page\">\n\t\t\t\t\t\t<section data-particle_enable=\"false\" data-particle-mobile-disabled=\"false\" class=\"elementor-section elementor-top-section elementor-element elementor-element-5874ebbb elementor-section-full_width elementor-section-height-default elementor-section-height-default\" data-id=\"5874ebbb\" data-element_type=\"section\" data-e-type=\"section\" data-settings=\"{&quot;background_background&quot;:&quot;classic&quot;}\">\n\t\t\t\t\t\t\t<div class=\"elementor-background-overlay\"><\/div>\n\t\t\t\t\t\t\t<div class=\"elementor-container elementor-column-gap-default\">\n\t\t\t\t\t<div class=\"elementor-column elementor-col-100 elementor-top-column elementor-element elementor-element-79c27977\" data-id=\"79c27977\" data-element_type=\"column\" data-e-type=\"column\">\n\t\t\t<div class=\"elementor-widget-wrap elementor-element-populated\">\n\t\t\t\t\t\t<div class=\"elementor-element elementor-element-7a0c131b animated-fast elementor-invisible elementor-widget elementor-widget-heading\" data-id=\"7a0c131b\" data-element_type=\"widget\" data-e-type=\"widget\" data-settings=\"{&quot;_animation&quot;:&quot;fadeInUp&quot;,&quot;_animation_delay&quot;:0}\" data-widget_type=\"heading.default\">\n\t\t\t\t<div class=\"elementor-widget-container\">\n\t\t\t\t\t<h2 class=\"elementor-heading-title elementor-size-default\">Doprovod<\/h2>\t\t\t\t<\/div>\n\t\t\t\t<\/div>\n\t\t\t\t\t<\/div>\n\t\t<\/div>\n\t\t\t\t\t<\/div>\n\t\t<\/section>\n\t\t\t\t<section data-particle_enable=\"false\" data-particle-mobile-disabled=\"false\" class=\"elementor-section elementor-top-section elementor-element elementor-element-5eabd35f elementor-section-boxed elementor-section-height-default elementor-section-height-default\" data-id=\"5eabd35f\" data-element_type=\"section\" data-e-type=\"section\" data-settings=\"{&quot;background_background&quot;:&quot;classic&quot;}\">\n\t\t\t\t\t\t<div class=\"elementor-container elementor-column-gap-default\">\n\t\t\t\t\t<div class=\"elementor-column elementor-col-100 elementor-top-column elementor-element elementor-element-36991741\" data-id=\"36991741\" data-element_type=\"column\" data-e-type=\"column\">\n\t\t\t<div class=\"elementor-widget-wrap elementor-element-populated\">\n\t\t\t\t\t\t<section data-particle_enable=\"false\" data-particle-mobile-disabled=\"false\" class=\"elementor-section elementor-inner-section elementor-element elementor-element-18c965d9 elementor-section-boxed elementor-section-height-default elementor-section-height-default\" data-id=\"18c965d9\" data-element_type=\"section\" data-e-type=\"section\">\n\t\t\t\t\t\t<div class=\"elementor-container elementor-column-gap-default\">\n\t\t\t\t\t<div class=\"elementor-column elementor-col-50 elementor-inner-column elementor-element elementor-element-624dbe05\" data-id=\"624dbe05\" data-element_type=\"column\" data-e-type=\"column\" data-settings=\"{&quot;background_background&quot;:&quot;classic&quot;}\">\n\t\t\t<div class=\"elementor-widget-wrap elementor-element-populated\">\n\t\t\t\t\t\t<div class=\"elementor-element elementor-element-f0b9275 elementor-widget elementor-widget-text-editor\" data-id=\"f0b9275\" data-element_type=\"widget\" data-e-type=\"widget\" data-widget_type=\"text-editor.default\">\n\t\t\t\t<div class=\"elementor-widget-container\">\n\t\t\t\t\t\t\t\t\t<p>V r\u00e1mci slu\u017eby\u00a0<strong>Pe\u010dovatelsk\u00e1 slu\u017eba OPORA<\/strong>\u00a0zaji\u0161\u0165ujeme slu\u017ebu doprovod v lokalit\u011b \u00dast\u00ed nad Labem a bl\u00edzk\u00e9 sp\u00e1dov\u00e9 oblasti. Slu\u017ebu m\u016f\u017eete vyu\u017e\u00edt, pokud pot\u0159ebujete dopravit k l\u00e9ka\u0159i, do nemocnice \u010di kamkoliv jinam v \u00dast\u00ed nad Labem a okol\u00ed. Slu\u017eba je poskytov\u00e1na ve v\u0161edn\u00ed dny od rann\u00edch do odpoledn\u00edch hodin a je ur\u010dena pro osoby s objektivn\u011b omezenou pohyblivost\u00ed, nebo osoby s pot\u0159ebou doprovodu z jin\u00fdch d\u016fvod\u016f.<\/p>\t\t\t\t\t\t\t\t<\/div>\n\t\t\t\t<\/div>\n\t\t\t\t<div class=\"elementor-element elementor-element-224a487 elementor-invisible elementor-widget elementor-widget-heading\" data-id=\"224a487\" data-element_type=\"widget\" data-e-type=\"widget\" data-settings=\"{&quot;_animation&quot;:&quot;fadeInUp&quot;,&quot;_animation_delay&quot;:500}\" data-widget_type=\"heading.default\">\n\t\t\t\t<div class=\"elementor-widget-container\">\n\t\t\t\t\t<h2 class=\"elementor-heading-title elementor-size-default\">Cen\u00edk slu\u017eby<\/h2>\t\t\t\t<\/div>\n\t\t\t\t<\/div>\n\t\t\t\t<div class=\"elementor-element elementor-element-57576338 elementor-align-start elementor-icon-list--layout-traditional elementor-list-item-link-full_width elementor-invisible elementor-widget elementor-widget-icon-list\" data-id=\"57576338\" data-element_type=\"widget\" data-e-type=\"widget\" data-settings=\"{&quot;_animation&quot;:&quot;fadeInUp&quot;,&quot;_animation_delay&quot;:1100}\" data-widget_type=\"icon-list.default\">\n\t\t\t\t<div class=\"elementor-widget-container\">\n\t\t\t\t\t\t\t<ul class=\"elementor-icon-list-items\">\n\t\t\t\t\t\t\t<li class=\"elementor-icon-list-item\">\n\t\t\t\t\t\t\t\t\t\t\t<span class=\"elementor-icon-list-icon\">\n\t\t\t\t\t\t\t<i aria-hidden=\"true\" class=\"fas fa-car-side\"><\/i>\t\t\t\t\t\t<\/span>\n\t\t\t\t\t\t\t\t\t\t<span class=\"elementor-icon-list-text\"><\/span>\n\t\t\t\t\t\t\t\t\t<\/li>\n\t\t\t\t\t\t\t\t<li class=\"elementor-icon-list-item\">\n\t\t\t\t\t\t\t\t\t\t\t<span class=\"elementor-icon-list-icon\">\n\t\t\t\t\t\t\t<i aria-hidden=\"true\" class=\"fas fa-info\"><\/i>\t\t\t\t\t\t<\/span>\n\t\t\t\t\t\t\t\t\t\t<span class=\"elementor-icon-list-text\"><\/span>\n\t\t\t\t\t\t\t\t\t<\/li>\n\t\t\t\t\t\t\t\t<li class=\"elementor-icon-list-item\">\n\t\t\t\t\t\t\t\t\t\t\t<span class=\"elementor-icon-list-icon\">\n\t\t\t\t\t\t\t<i aria-hidden=\"true\" class=\"fas fa-phone-alt\"><\/i>\t\t\t\t\t\t<\/span>\n\t\t\t\t\t\t\t\t\t\t<span class=\"elementor-icon-list-text\"><\/span>\n\t\t\t\t\t\t\t\t\t<\/li>\n\t\t\t\t\t\t<\/ul>\n\t\t\t\t\t\t<\/div>\n\t\t\t\t<\/div>\n\t\t\t\t<div class=\"elementor-element elementor-element-6c22d0b6 elementor-align-start elementor-icon-list--layout-traditional elementor-list-item-link-full_width elementor-invisible elementor-widget elementor-widget-icon-list\" data-id=\"6c22d0b6\" data-element_type=\"widget\" data-e-type=\"widget\" data-settings=\"{&quot;_animation&quot;:&quot;fadeInUp&quot;,&quot;_animation_delay&quot;:700}\" data-widget_type=\"icon-list.default\">\n\t\t\t\t<div class=\"elementor-widget-container\">\n\t\t\t\t\t\t\t<ul class=\"elementor-icon-list-items\">\n\t\t\t\t\t\t\t<li class=\"elementor-icon-list-item\">\n\t\t\t\t\t\t\t\t\t\t\t<span class=\"elementor-icon-list-icon\">\n\t\t\t\t\t\t\t<i aria-hidden=\"true\" class=\"fas fa-tools\"><\/i>\t\t\t\t\t\t<\/span>\n\t\t\t\t\t\t\t\t\t\t<span class=\"elementor-icon-list-text\">SLU\u017dBA JE  MIMO PROVOZ A NEN\u00cd POSKYTOV\u00c1NA!<\/span>\n\t\t\t\t\t\t\t\t\t<\/li>\n\t\t\t\t\t\t<\/ul>\n\t\t\t\t\t\t<\/div>\n\t\t\t\t<\/div>\n\t\t\t\t\t<\/div>\n\t\t<\/div>\n\t\t\t\t<div class=\"elementor-column elementor-col-50 elementor-inner-column elementor-element elementor-element-29f6c827 animated-fast elementor-invisible\" data-id=\"29f6c827\" data-element_type=\"column\" data-e-type=\"column\" data-settings=\"{&quot;animation&quot;:&quot;fadeInUp&quot;,&quot;animation_delay&quot;:0}\">\n\t\t\t<div class=\"elementor-widget-wrap elementor-element-populated\">\n\t\t\t\t\t\t<div class=\"elementor-element elementor-element-6b96cc5 elementor-invisible elementor-widget elementor-widget-image\" data-id=\"6b96cc5\" data-element_type=\"widget\" data-e-type=\"widget\" data-settings=\"{&quot;_animation&quot;:&quot;fadeInRight&quot;}\" data-widget_type=\"image.default\">\n\t\t\t\t<div class=\"elementor-widget-container\">\n\t\t\t\t\t\t\t\t\t\t\t\t\t\t\t<img fetchpriority=\"high\" decoding=\"async\" width=\"800\" height=\"600\" src=\"https:\/\/opora-os.cz\/wp-content\/uploads\/2023\/05\/doprava_usti-1024x768.jpg\" class=\"attachment-large size-large wp-image-74\" alt=\"\" srcset=\"https:\/\/opora-os.cz\/wp-content\/uploads\/2023\/05\/doprava_usti-1024x768.jpg 1024w, https:\/\/opora-os.cz\/wp-content\/uploads\/2023\/05\/doprava_usti-300x225.jpg 300w, https:\/\/opora-os.cz\/wp-content\/uploads\/2023\/05\/doprava_usti-768x576.jpg 768w, https:\/\/opora-os.cz\/wp-content\/uploads\/2023\/05\/doprava_usti-1536x1152.jpg 1536w, https:\/\/opora-os.cz\/wp-content\/uploads\/2023\/05\/doprava_usti-2048x1536.jpg 2048w\" sizes=\"(max-width: 800px) 100vw, 800px\" \/>\t\t\t\t\t\t\t\t\t\t\t\t\t\t\t<\/div>\n\t\t\t\t<\/div>\n\t\t\t\t\t<\/div>\n\t\t<\/div>\n\t\t\t\t\t<\/div>\n\t\t<\/section>\n\t\t\t\t\t<\/div>\n\t\t<\/div>\n\t\t\t\t\t<\/div>\n\t\t<\/section>\n\t\t\t\t<section data-particle_enable=\"false\" data-particle-mobile-disabled=\"false\" class=\"elementor-section elementor-top-section elementor-element elementor-element-2147afec elementor-section-boxed elementor-section-height-default elementor-section-height-default\" data-id=\"2147afec\" data-element_type=\"section\" data-e-type=\"section\">\n\t\t\t\t\t\t<div class=\"elementor-container elementor-column-gap-default\">\n\t\t\t\t\t<div class=\"elementor-column elementor-col-100 elementor-top-column elementor-element elementor-element-29d1a841\" data-id=\"29d1a841\" data-element_type=\"column\" data-e-type=\"column\">\n\t\t\t<div class=\"elementor-widget-wrap elementor-element-populated\">\n\t\t\t\t\t\t<div class=\"elementor-element elementor-element-419ade7e elementor-widget elementor-widget-spacer\" data-id=\"419ade7e\" data-element_type=\"widget\" data-e-type=\"widget\" data-widget_type=\"spacer.default\">\n\t\t\t\t<div class=\"elementor-widget-container\">\n\t\t\t\t\t\t\t<div class=\"elementor-spacer\">\n\t\t\t<div class=\"elementor-spacer-inner\"><\/div>\n\t\t<\/div>\n\t\t\t\t\t\t<\/div>\n\t\t\t\t<\/div>\n\t\t\t\t\t<\/div>\n\t\t<\/div>\n\t\t\t\t\t<\/div>\n\t\t<\/section>\n\t\t\t\t<\/div>\n\t\t","protected":false},"excerpt":{"rendered":"<p>Doprovod V r\u00e1mci slu\u017eby\u00a0Pe\u010dovatelsk\u00e1 slu\u017eba OPORA\u00a0zaji\u0161\u0165ujeme slu\u017ebu doprovod v lokalit\u011b \u00dast\u00ed nad Labem a bl\u00edzk\u00e9 sp\u00e1dov\u00e9 oblasti. Slu\u017ebu m\u016f\u017eete vyu\u017e\u00edt, pokud pot\u0159ebujete dopravit k l\u00e9ka\u0159i, do nemocnice \u010di kamkoliv jinam v \u00dast\u00ed nad Labem a okol\u00ed. Slu\u017eba je poskytov\u00e1na ve v\u0161edn\u00ed dny od rann\u00edch do odpoledn\u00edch hodin a je ur\u010dena pro osoby s objektivn\u011b omezenou [&hellip;]<\/p>\n","protected":false},"author":1,"featured_media":0,"parent":0,"menu_order":0,"comment_status":"closed","ping_status":"closed","template":"","meta":{"footnotes":""},"class_list":["post-342","page","type-page","status-publish","hentry"],"yoast_head":"<!-- This site is optimized with the Yoast SEO plugin v27.4 - https:\/\/yoast.com\/product\/yoast-seo-wordpress\/ -->\n<title>Doprovod - OPORA<\/title>\n<meta name=\"robots\" content=\"index, follow, max-snippet:-1, max-image-preview:large, max-video-preview:-1\" \/>\n<link rel=\"canonical\" href=\"https:\/\/opora-os.cz\/index.php\/doprovod\/\" \/>\n<meta property=\"og:locale\" content=\"cs_CZ\" \/>\n<meta property=\"og:type\" content=\"article\" \/>\n<meta property=\"og:title\" content=\"Doprovod - OPORA\" \/>\n<meta property=\"og:description\" content=\"Doprovod V r\u00e1mci slu\u017eby\u00a0Pe\u010dovatelsk\u00e1 slu\u017eba OPORA\u00a0zaji\u0161\u0165ujeme slu\u017ebu doprovod v lokalit\u011b \u00dast\u00ed nad Labem a bl\u00edzk\u00e9 sp\u00e1dov\u00e9 oblasti. Slu\u017ebu m\u016f\u017eete vyu\u017e\u00edt, pokud pot\u0159ebujete dopravit k l\u00e9ka\u0159i, do nemocnice \u010di kamkoliv jinam v \u00dast\u00ed nad Labem a okol\u00ed. Slu\u017eba je poskytov\u00e1na ve v\u0161edn\u00ed dny od rann\u00edch do odpoledn\u00edch hodin a je ur\u010dena pro osoby s objektivn\u011b omezenou [&hellip;]\" \/>\n<meta property=\"og:url\" content=\"https:\/\/opora-os.cz\/index.php\/doprovod\/\" \/>\n<meta property=\"og:site_name\" content=\"OPORA\" \/>\n<meta property=\"article:modified_time\" content=\"2023-08-22T10:57:46+00:00\" \/>\n<meta property=\"og:image\" content=\"https:\/\/opora-os.cz\/wp-content\/uploads\/2023\/05\/doprava_usti-1024x768.jpg\" \/>\n<meta name=\"twitter:card\" content=\"summary_large_image\" \/>\n<meta name=\"twitter:label1\" content=\"Odhadovan\u00e1 doba \u010dten\u00ed\" \/>\n\t<meta name=\"twitter:data1\" content=\"1 minuta\" \/>\n<script type=\"application\/ld+json\" class=\"yoast-schema-graph\">{\"@context\":\"https:\\\/\\\/schema.org\",\"@graph\":[{\"@type\":\"WebPage\",\"@id\":\"https:\\\/\\\/opora-os.cz\\\/index.php\\\/doprovod\\\/\",\"url\":\"https:\\\/\\\/opora-os.cz\\\/index.php\\\/doprovod\\\/\",\"name\":\"Doprovod - OPORA\",\"isPartOf\":{\"@id\":\"https:\\\/\\\/opora-os.cz\\\/#website\"},\"primaryImageOfPage\":{\"@id\":\"https:\\\/\\\/opora-os.cz\\\/index.php\\\/doprovod\\\/#primaryimage\"},\"image\":{\"@id\":\"https:\\\/\\\/opora-os.cz\\\/index.php\\\/doprovod\\\/#primaryimage\"},\"thumbnailUrl\":\"https:\\\/\\\/opora-os.cz\\\/wp-content\\\/uploads\\\/2023\\\/05\\\/doprava_usti-1024x768.jpg\",\"datePublished\":\"2023-05-23T08:40:28+00:00\",\"dateModified\":\"2023-08-22T10:57:46+00:00\",\"breadcrumb\":{\"@id\":\"https:\\\/\\\/opora-os.cz\\\/index.php\\\/doprovod\\\/#breadcrumb\"},\"inLanguage\":\"cs\",\"potentialAction\":[{\"@type\":\"ReadAction\",\"target\":[\"https:\\\/\\\/opora-os.cz\\\/index.php\\\/doprovod\\\/\"]}]},{\"@type\":\"ImageObject\",\"inLanguage\":\"cs\",\"@id\":\"https:\\\/\\\/opora-os.cz\\\/index.php\\\/doprovod\\\/#primaryimage\",\"url\":\"https:\\\/\\\/opora-os.cz\\\/wp-content\\\/uploads\\\/2023\\\/05\\\/doprava_usti.jpg\",\"contentUrl\":\"https:\\\/\\\/opora-os.cz\\\/wp-content\\\/uploads\\\/2023\\\/05\\\/doprava_usti.jpg\",\"width\":2560,\"height\":1920},{\"@type\":\"BreadcrumbList\",\"@id\":\"https:\\\/\\\/opora-os.cz\\\/index.php\\\/doprovod\\\/#breadcrumb\",\"itemListElement\":[{\"@type\":\"ListItem\",\"position\":1,\"name\":\"Home\",\"item\":\"https:\\\/\\\/opora-os.cz\\\/\"},{\"@type\":\"ListItem\",\"position\":2,\"name\":\"Doprovod\"}]},{\"@type\":\"WebSite\",\"@id\":\"https:\\\/\\\/opora-os.cz\\\/#website\",\"url\":\"https:\\\/\\\/opora-os.cz\\\/\",\"name\":\"OPORA\",\"description\":\"\",\"publisher\":{\"@id\":\"https:\\\/\\\/opora-os.cz\\\/#organization\"},\"potentialAction\":[{\"@type\":\"SearchAction\",\"target\":{\"@type\":\"EntryPoint\",\"urlTemplate\":\"https:\\\/\\\/opora-os.cz\\\/?s={search_term_string}\"},\"query-input\":{\"@type\":\"PropertyValueSpecification\",\"valueRequired\":true,\"valueName\":\"search_term_string\"}}],\"inLanguage\":\"cs\"},{\"@type\":\"Organization\",\"@id\":\"https:\\\/\\\/opora-os.cz\\\/#organization\",\"name\":\"OPORA\",\"url\":\"https:\\\/\\\/opora-os.cz\\\/\",\"logo\":{\"@type\":\"ImageObject\",\"inLanguage\":\"cs\",\"@id\":\"https:\\\/\\\/opora-os.cz\\\/#\\\/schema\\\/logo\\\/image\\\/\",\"url\":\"https:\\\/\\\/opora-os.cz\\\/wp-content\\\/uploads\\\/2023\\\/05\\\/cropped-logo_opora_manual-1.png\",\"contentUrl\":\"https:\\\/\\\/opora-os.cz\\\/wp-content\\\/uploads\\\/2023\\\/05\\\/cropped-logo_opora_manual-1.png\",\"width\":1274,\"height\":364,\"caption\":\"OPORA\"},\"image\":{\"@id\":\"https:\\\/\\\/opora-os.cz\\\/#\\\/schema\\\/logo\\\/image\\\/\"}}]}<\/script>\n<!-- \/ Yoast SEO plugin. -->","yoast_head_json":{"title":"Doprovod - OPORA","robots":{"index":"index","follow":"follow","max-snippet":"max-snippet:-1","max-image-preview":"max-image-preview:large","max-video-preview":"max-video-preview:-1"},"canonical":"https:\/\/opora-os.cz\/index.php\/doprovod\/","og_locale":"cs_CZ","og_type":"article","og_title":"Doprovod - OPORA","og_description":"Doprovod V r\u00e1mci slu\u017eby\u00a0Pe\u010dovatelsk\u00e1 slu\u017eba OPORA\u00a0zaji\u0161\u0165ujeme slu\u017ebu doprovod v lokalit\u011b \u00dast\u00ed nad Labem a bl\u00edzk\u00e9 sp\u00e1dov\u00e9 oblasti. Slu\u017ebu m\u016f\u017eete vyu\u017e\u00edt, pokud pot\u0159ebujete dopravit k l\u00e9ka\u0159i, do nemocnice \u010di kamkoliv jinam v \u00dast\u00ed nad Labem a okol\u00ed. Slu\u017eba je poskytov\u00e1na ve v\u0161edn\u00ed dny od rann\u00edch do odpoledn\u00edch hodin a je ur\u010dena pro osoby s objektivn\u011b omezenou [&hellip;]","og_url":"https:\/\/opora-os.cz\/index.php\/doprovod\/","og_site_name":"OPORA","article_modified_time":"2023-08-22T10:57:46+00:00","og_image":[{"url":"https:\/\/opora-os.cz\/wp-content\/uploads\/2023\/05\/doprava_usti-1024x768.jpg","type":"","width":"","height":""}],"twitter_card":"summary_large_image","twitter_misc":{"Odhadovan\u00e1 doba \u010dten\u00ed":"1 minuta"},"schema":{"@context":"https:\/\/schema.org","@graph":[{"@type":"WebPage","@id":"https:\/\/opora-os.cz\/index.php\/doprovod\/","url":"https:\/\/opora-os.cz\/index.php\/doprovod\/","name":"Doprovod - OPORA","isPartOf":{"@id":"https:\/\/opora-os.cz\/#website"},"primaryImageOfPage":{"@id":"https:\/\/opora-os.cz\/index.php\/doprovod\/#primaryimage"},"image":{"@id":"https:\/\/opora-os.cz\/index.php\/doprovod\/#primaryimage"},"thumbnailUrl":"https:\/\/opora-os.cz\/wp-content\/uploads\/2023\/05\/doprava_usti-1024x768.jpg","datePublished":"2023-05-23T08:40:28+00:00","dateModified":"2023-08-22T10:57:46+00:00","breadcrumb":{"@id":"https:\/\/opora-os.cz\/index.php\/doprovod\/#breadcrumb"},"inLanguage":"cs","potentialAction":[{"@type":"ReadAction","target":["https:\/\/opora-os.cz\/index.php\/doprovod\/"]}]},{"@type":"ImageObject","inLanguage":"cs","@id":"https:\/\/opora-os.cz\/index.php\/doprovod\/#primaryimage","url":"https:\/\/opora-os.cz\/wp-content\/uploads\/2023\/05\/doprava_usti.jpg","contentUrl":"https:\/\/opora-os.cz\/wp-content\/uploads\/2023\/05\/doprava_usti.jpg","width":2560,"height":1920},{"@type":"BreadcrumbList","@id":"https:\/\/opora-os.cz\/index.php\/doprovod\/#breadcrumb","itemListElement":[{"@type":"ListItem","position":1,"name":"Home","item":"https:\/\/opora-os.cz\/"},{"@type":"ListItem","position":2,"name":"Doprovod"}]},{"@type":"WebSite","@id":"https:\/\/opora-os.cz\/#website","url":"https:\/\/opora-os.cz\/","name":"OPORA","description":"","publisher":{"@id":"https:\/\/opora-os.cz\/#organization"},"potentialAction":[{"@type":"SearchAction","target":{"@type":"EntryPoint","urlTemplate":"https:\/\/opora-os.cz\/?s={search_term_string}"},"query-input":{"@type":"PropertyValueSpecification","valueRequired":true,"valueName":"search_term_string"}}],"inLanguage":"cs"},{"@type":"Organization","@id":"https:\/\/opora-os.cz\/#organization","name":"OPORA","url":"https:\/\/opora-os.cz\/","logo":{"@type":"ImageObject","inLanguage":"cs","@id":"https:\/\/opora-os.cz\/#\/schema\/logo\/image\/","url":"https:\/\/opora-os.cz\/wp-content\/uploads\/2023\/05\/cropped-logo_opora_manual-1.png","contentUrl":"https:\/\/opora-os.cz\/wp-content\/uploads\/2023\/05\/cropped-logo_opora_manual-1.png","width":1274,"height":364,"caption":"OPORA"},"image":{"@id":"https:\/\/opora-os.cz\/#\/schema\/logo\/image\/"}}]}},"_links":{"self":[{"href":"https:\/\/opora-os.cz\/index.php\/wp-json\/wp\/v2\/pages\/342","targetHints":{"allow":["GET"]}}],"collection":[{"href":"https:\/\/opora-os.cz\/index.php\/wp-json\/wp\/v2\/pages"}],"about":[{"href":"https:\/\/opora-os.cz\/index.php\/wp-json\/wp\/v2\/types\/page"}],"author":[{"embeddable":true,"href":"https:\/\/opora-os.cz\/index.php\/wp-json\/wp\/v2\/users\/1"}],"replies":[{"embeddable":true,"href":"https:\/\/opora-os.cz\/index.php\/wp-json\/wp\/v2\/comments?post=342"}],"version-history":[{"count":14,"href":"https:\/\/opora-os.cz\/index.php\/wp-json\/wp\/v2\/pages\/342\/revisions"}],"predecessor-version":[{"id":625,"href":"https:\/\/opora-os.cz\/index.php\/wp-json\/wp\/v2\/pages\/342\/revisions\/625"}],"wp:attachment":[{"href":"https:\/\/opora-os.cz\/index.php\/wp-json\/wp\/v2\/media?parent=342"}],"curies":[{"name":"wp","href":"https:\/\/api.w.org\/{rel}","templated":true}]}}